{"id":2280,"date":"2012-02-27T11:02:37","date_gmt":"2012-02-27T10:02:37","guid":{"rendered":"http:\/\/blumountain.it\/?page_id=2280"},"modified":"2023-01-16T23:37:30","modified_gmt":"2023-01-16T22:37:30","slug":"canyon-avventura","status":"publish","type":"page","link":"https:\/\/blumountain.it\/?page_id=2280","title":{"rendered":"Canyon Avventura"},"content":{"rendered":"<p><img decoding=\"async\" loading=\"lazy\" class=\"aligncenter size-medium wp-image-5903\" src=\"http:\/\/blumountain.it\/wp-content\/uploads\/2019\/07\/Raton-425x319.jpg\" alt=\"\" width=\"425\" height=\"319\" srcset=\"https:\/\/blumountain.it\/wp-content\/uploads\/2019\/07\/Raton-425x319.jpg 425w, https:\/\/blumountain.it\/wp-content\/uploads\/2019\/07\/Raton-768x576.jpg 768w, https:\/\/blumountain.it\/wp-content\/uploads\/2019\/07\/Raton-1024x768.jpg 1024w, https:\/\/blumountain.it\/wp-content\/uploads\/2019\/07\/Raton-240x180.jpg 240w, https:\/\/blumountain.it\/wp-content\/uploads\/2019\/07\/Raton-430x323.jpg 430w, https:\/\/blumountain.it\/wp-content\/uploads\/2019\/07\/Raton-1500x1125.jpg 1500w, https:\/\/blumountain.it\/wp-content\/uploads\/2019\/07\/Raton-600x450.jpg 600w, https:\/\/blumountain.it\/wp-content\/uploads\/2019\/07\/Raton.jpg 1600w\" sizes=\"(max-width: 425px) 100vw, 425px\" \/><span class=\"dropcap1\">T<\/span>op\u00a0canyon <span style=\"color: #1994e6;\">riservati<\/span> alle persone che abbiano gi\u00e0 svolto precedenti discese o che le loro capacit\u00e0 tecniche siano note. Queste discese sono caratterizzate da calate molto lunghe e verticali, portate idriche importanti o \u00a0tempi di percorrenza significativi, fino anche a 2 giorni, con bivacco interno al canyon.<\/p>\n<div class=\"tabcontainer tab_initial_open  tab_initial_open__1\">\n\n<div class=\"tab\">Bendola Integrale*<\/div>\n<div class=\"tab_content\">\n<p>E&#8217; il pi\u00f9 lungo percorso di canyoning in Europa, 15 Km di avventura dai 2000 m di Cima Marta al confine italo-francese sino alla confluenza con la bassa Val Roya. 12h ore di avventura per ciascuna delle due giornate necessarie a completare il percorso. Un must per ogni canyonista!<\/p>\n<div class=\"one_fourth first\">\n<div class=\"avia-box normal   rounded full\"><span class=\"avia-innerbox\" >1-2p. 990,00\u20ac<\/span><\/div>\n<\/div>\n<div class=\"one_fourth \">\n<div class=\"avia-box normal   rounded full\"><span class=\"avia-innerbox\" >3p. 370,00\u20ac\/p.<\/span><\/div>\n<\/div>\n<div class=\"one_fourth \">\n<div class=\"avia-box normal   rounded full\"><span class=\"avia-innerbox\" >4p. 300,00\u20ac\/p.<\/span><\/div>\n<\/div>\n<div class=\"one_fourth \">\n<div class=\"avia-box normal   rounded full\"><span class=\"avia-innerbox\" >5p. 250,00\u20ac\/p.<\/span><\/div>\n<\/div>\n<div class=\"one_fourth \">\n<div class=\"avia-box normal   rounded full\"><span class=\"avia-innerbox\" >6p. 210,00\u20ac\/p.<\/span><\/div>\n<\/div>\n<div class=\"one_fourth \">\n<div class=\"avia-box normal   rounded full\"><span class=\"avia-innerbox\" >7-8p. 200,00\u20ac\/p.<\/span><\/div>\n<\/div>\n\n<\/div>\n<\/p>\n<div class=\"tab\">Clue d'Amen<\/div>\n<div class=\"tab_content\">\n<p>Il Canyon dei marziani! Scavato nelle calcaree peliti rosse, il pezzo forte di questo percorso non sar\u00e0 una sorpresa: ben visibile e nota turisticamente la sequenza di calate della cascata finale lascer\u00e0 anche i canyonisti pi\u00f9 scafati a bocca aperta. Siete pronti?.<\/p>\n<div class=\"one_half first\">\n<div class=\"avia-box normal   rounded full\"><span class=\"avia-innerbox\" >1p. 490,00\u20ac<\/span><\/div>\n<\/div>\n<div class=\"one_half \">\n<div class=\"avia-box normal   rounded full\"><span class=\"avia-innerbox\" >2p. 290,00\u20ac\/p.<\/span><\/div>\n<\/div>\n<div class=\"one_half first\">\n<div class=\"avia-box normal   rounded full\"><span class=\"avia-innerbox\" >3p. 200,00\u20ac\/p.<\/span><\/div>\n<\/div>\n<div class=\"one_half \">\n<div class=\"avia-box normal   rounded full\"><span class=\"avia-innerbox\" >4p. 160,00\u20ac\/p.<\/span><\/div>\n<\/div>\n<div class=\"one_half first\">\n<div class=\"avia-box normal   rounded full\"><span class=\"avia-innerbox\" >5p. 135,00\u20ac\/p.<\/span><\/div>\n<\/div>\n<div class=\"one_half \">\n<div class=\"avia-box normal   rounded full\"><span class=\"avia-innerbox\" >6p. 110,00\u20ac\/p.<\/span><\/div>\n<\/div>\n<div class=\"one_half \">\n<div class=\"avia-box normal   rounded full\"><span class=\"avia-innerbox\" >7-8p. 100,00\/95,00\u20ac\/p.<\/span><\/div>\n<\/div>\n\n<\/div>\n\n<div class=\"tab\">Clue du Riolan<\/div>\n<div class=\"tab_content\">\n<p>Nella selvaggia valle dell&#8217;Esteron un rio solare e ricco di scenari provenzali che si infila sotto pareti di calcare verticali e strapiombanti, bello da non perdere.<\/p>\n<div class=\"one_half first\">\n<div class=\"avia-box normal   rounded full\"><span class=\"avia-innerbox\" >1p. 450,00\u20ac<\/span><\/div>\n<\/div>\n<div class=\"one_half \">\n<div class=\"avia-box normal   rounded full\"><span class=\"avia-innerbox\" >2p. 225,00\u20ac\/p.<\/span><\/div>\n<\/div>\n<div class=\"one_half first\">\n<div class=\"avia-box normal   rounded full\"><span class=\"avia-innerbox\" >3p. 160,00\u20ac\/p.<\/span><\/div>\n<\/div>\n<div class=\"one_half \">\n<div class=\"avia-box normal   rounded full\"><span class=\"avia-innerbox\" >4p. 125,00\u20ac\/p.<\/span><\/div>\n<\/div>\n<div class=\"one_half first\">\n<div class=\"avia-box normal   rounded full\"><span class=\"avia-innerbox\" >5p. 105,00\u20ac\/p.<\/span><\/div>\n<\/div>\n<div class=\"one_half \">\n<div class=\"avia-box normal   rounded full\"><span class=\"avia-innerbox\" >6p. 90,00\u20ac\/p.<\/span><\/div>\n<\/div>\n<div class=\"one_half \">\n<div class=\"avia-box normal   rounded full\"><span class=\"avia-innerbox\" >7-8p. 80,00\u20ac\/p.<\/span><\/div>\n<\/div>\n\n<\/div>\n\n<div class=\"tab\">Clue du Raton<\/div>\n<div class=\"tab_content\">\n<p>Descrivere questo canyon con le parole \u00e8 cosa assai difficile. 6h di marce acquatiche circondati da paesaggi lunari fatti di roccia color porpora&#8230;<\/p>\n<div class=\"one_half first\">\n<div class=\"avia-box normal   rounded full\"><span class=\"avia-innerbox\" >1p. 470,00\u20ac<\/span><\/div>\n<\/div>\n<div class=\"one_half \">\n<div class=\"avia-box normal   rounded full\"><span class=\"avia-innerbox\" >2p. 235,00\u20ac\/p.<\/span><\/div>\n<\/div>\n<div class=\"one_half first\">\n<div class=\"avia-box normal   rounded full\"><span class=\"avia-innerbox\" >3p. 170,00\u20ac\/p.<\/span><\/div>\n<\/div>\n<div class=\"one_half \">\n<div class=\"avia-box normal   rounded full\"><span class=\"avia-innerbox\" >4p. 130,00\u20ac\/p.<\/span><\/div>\n<\/div>\n<div class=\"one_half first\">\n<div class=\"avia-box normal   rounded full\"><span class=\"avia-innerbox\" >5p. 120,00\u20ac\/p.<\/span><\/div>\n<\/div>\n<div class=\"one_half \">\n<div class=\"avia-box normal   rounded full\"><span class=\"avia-innerbox\" >6p. 110,00\u20ac\/p.<\/span><\/div>\n<\/div>\n\n<\/div>\n\n\n<\/div>\n\n<p style=\"text-align: right;\"><a href=\"http:\/\/blumountain.it\/negozio\/categoria-prodotto\/canyoning\/\" class=\"avia-button  grey  custom\" style=\"background-color:#1994e6;border-color:#1994e6\"><span class=\"avia-\">prenota una discesa in canyon<\/span><\/a><\/p>\n<p style=\"text-align: left;\"><div class=\"iconbox\"><span class=\"iconbox_icon\"><img src='https:\/\/blumountain.it\/wp-content\/themes\/flashlight\/images\/icons\/iconbox\/people.png' alt='' \/><\/span><div class=\"iconbox_content\"><h3 class=\"iconbox_content_title\">Gruppo Max.:<\/h3><p>per guida 6 pax. (escluso Bendola integrale 5 pax.) gruppi pi\u00f9 numerosi necessitano di una seconda guida ad altra tariffazione.<\/p>\n<\/div><\/div> <div class=\"iconbox\"><span class=\"iconbox_icon\"><img src='https:\/\/blumountain.it\/wp-content\/themes\/flashlight\/images\/icons\/iconbox\/gears.png' alt='' \/><\/span><div class=\"iconbox_content\"><h3 class=\"iconbox_content_title\">Attrezzatura:<\/h3><p> sono forniti nel costo &#8211; muta in neoprene 5mm, caschetto, imbracatura, zaini auto svuotanti, bidoncini stagni e altro materiale tecnico.<\/p>\n<\/div><\/div><div class=\"iconbox\"><span class=\"iconbox_icon\"><img src='https:\/\/blumountain.it\/wp-content\/themes\/flashlight\/images\/icons\/iconbox\/Alert.png' alt='' \/><\/span><div class=\"iconbox_content\"><h3 class=\"iconbox_content_title\">Non fornito:<\/h3><p>Scarponcini da trekking o scarpe simili.<\/p>\n<\/div><\/div><div class=\"iconbox\"><span class=\"iconbox_icon\"><img src='https:\/\/blumountain.it\/wp-content\/themes\/flashlight\/images\/icons\/iconbox\/settings.png' alt='' \/><\/span><div class=\"iconbox_content\"><h3 class=\"iconbox_content_title\">Utili\/Indispensabili:<\/h3><p>Ricambi, asciugamano, bottiglia di acqua potabile (1,5 l ogni 2 p.), snack energetici. (non forniti)<\/p>\n<\/div><\/div><div class=\"iconbox\"><span class=\"iconbox_icon\"><img src='https:\/\/blumountain.it\/wp-content\/themes\/flashlight\/images\/icons\/iconbox\/Clock.png' alt='' \/><\/span><div class=\"iconbox_content\"><h3 class=\"iconbox_content_title\">Incontro:<\/h3><p>da concordarsi. Rientro in serata (escluso Bendola).<\/p>\n<\/div><\/div><div class=\"iconbox\"><span class=\"iconbox_icon\"><img src='https:\/\/blumountain.it\/wp-content\/themes\/flashlight\/images\/icons\/iconbox\/tags.png' alt='' \/><\/span><div class=\"iconbox_content\"><h3 class=\"iconbox_content_title\">Rio Bendola 2gg.*<\/h3><p>Questo rio prevede la permanenza (bivacco) \u00a0per due giorni nel canyon e necessita di una organizzazione particolare: navetta 4&#215;4 a Cima Marta, \u00a0viveri per il sostentamento, sacco bivacco per la notte ecc.<\/p>\n<\/div><\/div><div class=\"iconbox\"><span class=\"iconbox_icon\"><img src='https:\/\/blumountain.it\/wp-content\/themes\/flashlight\/images\/icons\/iconbox\/write.png' alt='' \/><\/span><div class=\"iconbox_content\"><h3 class=\"iconbox_content_title\">PRENOTAZIONE\/ACCONTO<\/h3><p>30% dell&#8217;ammontare complessivo entro 12 gg. dalla data prevista.<\/p>\n<\/div><\/div><div class=\"iconbox\"><span class=\"iconbox_icon\"><img src='https:\/\/blumountain.it\/wp-content\/themes\/flashlight\/images\/icons\/iconbox\/info.png' alt='' \/><\/span><div class=\"iconbox_content\"><h3 class=\"iconbox_content_title\">RAGAZZI<\/h3><p>ammessi solo di et\u00e0 superiore a 16 anni.<\/p>\n<\/div><\/div><\/p>\n<p style=\"text-align: left;\"><div class=\"hr hr_top\"><a href=\"#top\" class=\"scrollTop\">top<\/a><\/div><\/p>\n","protected":false},"excerpt":{"rendered":"<p>op\u00a0canyon riservati alle persone che abbiano gi\u00e0 svolto precedenti discese o che le loro capacit\u00e0 tecniche siano note. Queste discese sono caratterizzate da calate molto lunghe e verticali, portate idriche importanti o \u00a0tempi di percorrenza significativi, fino anche a 2 giorni, con bivacco interno al canyon.<\/p>\n","protected":false},"author":1,"featured_media":5795,"parent":0,"menu_order":0,"comment_status":"open","ping_status":"open","template":"","meta":{"om_disable_all_campaigns":false},"aioseo_notices":[],"_links":{"self":[{"href":"https:\/\/blumountain.it\/index.php?rest_route=\/wp\/v2\/pages\/2280"}],"collection":[{"href":"https:\/\/blumountain.it\/index.php?rest_route=\/wp\/v2\/pages"}],"about":[{"href":"https:\/\/blumountain.it\/index.php?rest_route=\/wp\/v2\/types\/page"}],"author":[{"embeddable":true,"href":"https:\/\/blumountain.it\/index.php?rest_route=\/wp\/v2\/users\/1"}],"replies":[{"embeddable":true,"href":"https:\/\/blumountain.it\/index.php?rest_route=%2Fwp%2Fv2%2Fcomments&post=2280"}],"version-history":[{"count":65,"href":"https:\/\/blumountain.it\/index.php?rest_route=\/wp\/v2\/pages\/2280\/revisions"}],"predecessor-version":[{"id":6050,"href":"https:\/\/blumountain.it\/index.php?rest_route=\/wp\/v2\/pages\/2280\/revisions\/6050"}],"wp:featuredmedia":[{"embeddable":true,"href":"https:\/\/blumountain.it\/index.php?rest_route=\/wp\/v2\/media\/5795"}],"wp:attachment":[{"href":"https:\/\/blumountain.it\/index.php?rest_route=%2Fwp%2Fv2%2Fmedia&parent=2280"}],"curies":[{"name":"wp","href":"https:\/\/api.w.org\/{rel}","templated":true}]}}